{"id":1827,"date":"2022-06-24T19:12:53","date_gmt":"2022-06-24T16:12:53","guid":{"rendered":"https:\/\/www.koncchocolate.com\/?post_type=product&#038;p=1827"},"modified":"2022-06-24T19:12:54","modified_gmt":"2022-06-24T16:12:54","slug":"kasik-cikolata-dokme-4kg","status":"publish","type":"product","link":"https:\/\/www.koncchocolate.com\/?product=kasik-cikolata-dokme-4kg","title":{"rendered":"Ka\u015f\u0131k \u00c7ikolata (D\u00f6kme) (4kg)"},"content":{"rendered":"","protected":false},"excerpt":{"rendered":"","protected":false},"featured_media":1828,"template":"","meta":[],"product_cat":[49],"product_tag":[],"yoast_head":"<!-- This site is optimized with the Yoast SEO plugin v19.1 - https:\/\/yoast.com\/wordpress\/plugins\/seo\/ -->\n<title>Ka\u015f\u0131k \u00c7ikolata (D\u00f6kme) (4kg) - Kon\u00e7 Chocolate<\/title>\n<meta name=\"robots\" content=\"index, follow, max-snippet:-1, max-image-preview:large, max-video-preview:-1\" \/>\n<link rel=\"canonical\" href=\"https:\/\/www.koncchocolate.com\/?product=kasik-cikolata-dokme-4kg\" \/>\n<meta property=\"og:locale\" content=\"tr_TR\" \/>\n<meta property=\"og:type\" content=\"article\" \/>\n<meta property=\"og:title\" content=\"Ka\u015f\u0131k \u00c7ikolata (D\u00f6kme) (4kg) - Kon\u00e7 Chocolate\" \/>\n<meta property=\"og:url\" content=\"https:\/\/www.koncchocolate.com\/?product=kasik-cikolata-dokme-4kg\" \/>\n<meta property=\"og:site_name\" content=\"Kon\u00e7 Chocolate\" \/>\n<meta property=\"article:modified_time\" content=\"2022-06-24T16:12:54+00:00\" \/>\n<meta property=\"og:image\" content=\"https:\/\/www.koncchocolate.com\/wp-content\/uploads\/2022\/06\/4383-1162buyuk1jpg-1162buyuk1.jpg\" \/>\n\t<meta property=\"og:image:width\" content=\"800\" \/>\n\t<meta property=\"og:image:height\" content=\"800\" \/>\n\t<meta property=\"og:image:type\" content=\"image\/jpeg\" \/>\n<meta name=\"twitter:card\" content=\"summary_large_image\" \/>\n<script type=\"application\/ld+json\" class=\"yoast-schema-graph\">{\"@context\":\"https:\/\/schema.org\",\"@graph\":[{\"@type\":\"WebSite\",\"@id\":\"https:\/\/www.koncchocolate.com\/#website\",\"url\":\"https:\/\/www.koncchocolate.com\/\",\"name\":\"Kon\u00e7 Chocolate\",\"description\":\"Life is Better With Chocolate\",\"potentialAction\":[{\"@type\":\"SearchAction\",\"target\":{\"@type\":\"EntryPoint\",\"urlTemplate\":\"https:\/\/www.koncchocolate.com\/?s={search_term_string}\"},\"query-input\":\"required name=search_term_string\"}],\"inLanguage\":\"tr\"},{\"@type\":\"ImageObject\",\"inLanguage\":\"tr\",\"@id\":\"https:\/\/www.koncchocolate.com\/?product=kasik-cikolata-dokme-4kg#primaryimage\",\"url\":\"https:\/\/www.koncchocolate.com\/wp-content\/uploads\/2022\/06\/4383-1162buyuk1jpg-1162buyuk1.jpg\",\"contentUrl\":\"https:\/\/www.koncchocolate.com\/wp-content\/uploads\/2022\/06\/4383-1162buyuk1jpg-1162buyuk1.jpg\",\"width\":800,\"height\":800},{\"@type\":\"WebPage\",\"@id\":\"https:\/\/www.koncchocolate.com\/?product=kasik-cikolata-dokme-4kg#webpage\",\"url\":\"https:\/\/www.koncchocolate.com\/?product=kasik-cikolata-dokme-4kg\",\"name\":\"Ka\u015f\u0131k \u00c7ikolata (D\u00f6kme) (4kg) - Kon\u00e7 Chocolate\",\"isPartOf\":{\"@id\":\"https:\/\/www.koncchocolate.com\/#website\"},\"primaryImageOfPage\":{\"@id\":\"https:\/\/www.koncchocolate.com\/?product=kasik-cikolata-dokme-4kg#primaryimage\"},\"datePublished\":\"2022-06-24T16:12:53+00:00\",\"dateModified\":\"2022-06-24T16:12:54+00:00\",\"breadcrumb\":{\"@id\":\"https:\/\/www.koncchocolate.com\/?product=kasik-cikolata-dokme-4kg#breadcrumb\"},\"inLanguage\":\"tr\",\"potentialAction\":[{\"@type\":\"ReadAction\",\"target\":[\"https:\/\/www.koncchocolate.com\/?product=kasik-cikolata-dokme-4kg\"]}]},{\"@type\":\"BreadcrumbList\",\"@id\":\"https:\/\/www.koncchocolate.com\/?product=kasik-cikolata-dokme-4kg#breadcrumb\",\"itemListElement\":[{\"@type\":\"ListItem\",\"position\":1,\"name\":\"Anasayfa\",\"item\":\"https:\/\/www.koncchocolate.com\/\"},{\"@type\":\"ListItem\",\"position\":2,\"name\":\"Ma\u011faza\",\"item\":\"https:\/\/www.koncchocolate.com\/?page_id=1091\"},{\"@type\":\"ListItem\",\"position\":3,\"name\":\"Ka\u015f\u0131k \u00c7ikolata (D\u00f6kme) (4kg)\"}]}]}<\/script>\n<!-- \/ Yoast SEO plugin. -->","yoast_head_json":{"title":"Ka\u015f\u0131k \u00c7ikolata (D\u00f6kme) (4kg) - Kon\u00e7 Chocolate","robots":{"index":"index","follow":"follow","max-snippet":"max-snippet:-1","max-image-preview":"max-image-preview:large","max-video-preview":"max-video-preview:-1"},"canonical":"https:\/\/www.koncchocolate.com\/?product=kasik-cikolata-dokme-4kg","og_locale":"tr_TR","og_type":"article","og_title":"Ka\u015f\u0131k \u00c7ikolata (D\u00f6kme) (4kg) - Kon\u00e7 Chocolate","og_url":"https:\/\/www.koncchocolate.com\/?product=kasik-cikolata-dokme-4kg","og_site_name":"Kon\u00e7 Chocolate","article_modified_time":"2022-06-24T16:12:54+00:00","og_image":[{"width":800,"height":800,"url":"https:\/\/www.koncchocolate.com\/wp-content\/uploads\/2022\/06\/4383-1162buyuk1jpg-1162buyuk1.jpg","type":"image\/jpeg"}],"twitter_card":"summary_large_image","schema":{"@context":"https:\/\/schema.org","@graph":[{"@type":"WebSite","@id":"https:\/\/www.koncchocolate.com\/#website","url":"https:\/\/www.koncchocolate.com\/","name":"Kon\u00e7 Chocolate","description":"Life is Better With Chocolate","potentialAction":[{"@type":"SearchAction","target":{"@type":"EntryPoint","urlTemplate":"https:\/\/www.koncchocolate.com\/?s={search_term_string}"},"query-input":"required name=search_term_string"}],"inLanguage":"tr"},{"@type":"ImageObject","inLanguage":"tr","@id":"https:\/\/www.koncchocolate.com\/?product=kasik-cikolata-dokme-4kg#primaryimage","url":"https:\/\/www.koncchocolate.com\/wp-content\/uploads\/2022\/06\/4383-1162buyuk1jpg-1162buyuk1.jpg","contentUrl":"https:\/\/www.koncchocolate.com\/wp-content\/uploads\/2022\/06\/4383-1162buyuk1jpg-1162buyuk1.jpg","width":800,"height":800},{"@type":"WebPage","@id":"https:\/\/www.koncchocolate.com\/?product=kasik-cikolata-dokme-4kg#webpage","url":"https:\/\/www.koncchocolate.com\/?product=kasik-cikolata-dokme-4kg","name":"Ka\u015f\u0131k \u00c7ikolata (D\u00f6kme) (4kg) - Kon\u00e7 Chocolate","isPartOf":{"@id":"https:\/\/www.koncchocolate.com\/#website"},"primaryImageOfPage":{"@id":"https:\/\/www.koncchocolate.com\/?product=kasik-cikolata-dokme-4kg#primaryimage"},"datePublished":"2022-06-24T16:12:53+00:00","dateModified":"2022-06-24T16:12:54+00:00","breadcrumb":{"@id":"https:\/\/www.koncchocolate.com\/?product=kasik-cikolata-dokme-4kg#breadcrumb"},"inLanguage":"tr","potentialAction":[{"@type":"ReadAction","target":["https:\/\/www.koncchocolate.com\/?product=kasik-cikolata-dokme-4kg"]}]},{"@type":"BreadcrumbList","@id":"https:\/\/www.koncchocolate.com\/?product=kasik-cikolata-dokme-4kg#breadcrumb","itemListElement":[{"@type":"ListItem","position":1,"name":"Anasayfa","item":"https:\/\/www.koncchocolate.com\/"},{"@type":"ListItem","position":2,"name":"Ma\u011faza","item":"https:\/\/www.koncchocolate.com\/?page_id=1091"},{"@type":"ListItem","position":3,"name":"Ka\u015f\u0131k \u00c7ikolata (D\u00f6kme) (4kg)"}]}]}},"_links":{"self":[{"href":"https:\/\/www.koncchocolate.com\/index.php?rest_route=\/wp\/v2\/product\/1827"}],"collection":[{"href":"https:\/\/www.koncchocolate.com\/index.php?rest_route=\/wp\/v2\/product"}],"about":[{"href":"https:\/\/www.koncchocolate.com\/index.php?rest_route=\/wp\/v2\/types\/product"}],"version-history":[{"count":1,"href":"https:\/\/www.koncchocolate.com\/index.php?rest_route=\/wp\/v2\/product\/1827\/revisions"}],"predecessor-version":[{"id":1829,"href":"https:\/\/www.koncchocolate.com\/index.php?rest_route=\/wp\/v2\/product\/1827\/revisions\/1829"}],"wp:featuredmedia":[{"embeddable":true,"href":"https:\/\/www.koncchocolate.com\/index.php?rest_route=\/wp\/v2\/media\/1828"}],"wp:attachment":[{"href":"https:\/\/www.koncchocolate.com\/index.php?rest_route=%2Fwp%2Fv2%2Fmedia&parent=1827"}],"wp:term":[{"taxonomy":"product_cat","embeddable":true,"href":"https:\/\/www.koncchocolate.com\/index.php?rest_route=%2Fwp%2Fv2%2Fproduct_cat&post=1827"},{"taxonomy":"product_tag","embeddable":true,"href":"https:\/\/www.koncchocolate.com\/index.php?rest_route=%2Fwp%2Fv2%2Fproduct_tag&post=1827"}],"curies":[{"name":"wp","href":"https:\/\/api.w.org\/{rel}","templated":true}]}}