{"id":1364,"date":"2022-06-21T11:43:31","date_gmt":"2022-06-21T08:43:31","guid":{"rendered":"https:\/\/www.koncchocolate.com\/?post_type=product&#038;p=1364"},"modified":"2022-06-21T12:13:25","modified_gmt":"2022-06-21T09:13:25","slug":"karamel-kuvertur-cikolata-200-gr","status":"publish","type":"product","link":"https:\/\/www.koncchocolate.com\/?product=karamel-kuvertur-cikolata-200-gr","title":{"rendered":"Karamel Kuvert\u00fcr \u00c7ikolata (200gr)"},"content":{"rendered":"","protected":false},"excerpt":{"rendered":"","protected":false},"featured_media":0,"template":"","meta":[],"product_cat":[51],"product_tag":[33,43,32,50],"yoast_head":"<!-- This site is optimized with the Yoast SEO plugin v19.1 - https:\/\/yoast.com\/wordpress\/plugins\/seo\/ -->\n<title>Karamel Kuvert\u00fcr \u00c7ikolata (200gr) - Kon\u00e7 Chocolate<\/title>\n<meta name=\"robots\" content=\"index, follow, max-snippet:-1, max-image-preview:large, max-video-preview:-1\" \/>\n<link rel=\"canonical\" href=\"https:\/\/www.koncchocolate.com\/?product=karamel-kuvertur-cikolata-200-gr\" \/>\n<meta property=\"og:locale\" content=\"tr_TR\" \/>\n<meta property=\"og:type\" content=\"article\" \/>\n<meta property=\"og:title\" content=\"Karamel Kuvert\u00fcr \u00c7ikolata (200gr) - Kon\u00e7 Chocolate\" \/>\n<meta property=\"og:url\" content=\"https:\/\/www.koncchocolate.com\/?product=karamel-kuvertur-cikolata-200-gr\" \/>\n<meta property=\"og:site_name\" content=\"Kon\u00e7 Chocolate\" \/>\n<meta property=\"article:modified_time\" content=\"2022-06-21T09:13:25+00:00\" \/>\n<meta name=\"twitter:card\" content=\"summary_large_image\" \/>\n<script type=\"application\/ld+json\" class=\"yoast-schema-graph\">{\"@context\":\"https:\/\/schema.org\",\"@graph\":[{\"@type\":\"WebSite\",\"@id\":\"https:\/\/www.koncchocolate.com\/#website\",\"url\":\"https:\/\/www.koncchocolate.com\/\",\"name\":\"Kon\u00e7 Chocolate\",\"description\":\"Life is Better With Chocolate\",\"potentialAction\":[{\"@type\":\"SearchAction\",\"target\":{\"@type\":\"EntryPoint\",\"urlTemplate\":\"https:\/\/www.koncchocolate.com\/?s={search_term_string}\"},\"query-input\":\"required name=search_term_string\"}],\"inLanguage\":\"tr\"},{\"@type\":\"WebPage\",\"@id\":\"https:\/\/www.koncchocolate.com\/?product=karamel-kuvertur-cikolata-200-gr#webpage\",\"url\":\"https:\/\/www.koncchocolate.com\/?product=karamel-kuvertur-cikolata-200-gr\",\"name\":\"Karamel Kuvert\u00fcr \u00c7ikolata (200gr) - Kon\u00e7 Chocolate\",\"isPartOf\":{\"@id\":\"https:\/\/www.koncchocolate.com\/#website\"},\"datePublished\":\"2022-06-21T08:43:31+00:00\",\"dateModified\":\"2022-06-21T09:13:25+00:00\",\"breadcrumb\":{\"@id\":\"https:\/\/www.koncchocolate.com\/?product=karamel-kuvertur-cikolata-200-gr#breadcrumb\"},\"inLanguage\":\"tr\",\"potentialAction\":[{\"@type\":\"ReadAction\",\"target\":[\"https:\/\/www.koncchocolate.com\/?product=karamel-kuvertur-cikolata-200-gr\"]}]},{\"@type\":\"BreadcrumbList\",\"@id\":\"https:\/\/www.koncchocolate.com\/?product=karamel-kuvertur-cikolata-200-gr#breadcrumb\",\"itemListElement\":[{\"@type\":\"ListItem\",\"position\":1,\"name\":\"Anasayfa\",\"item\":\"https:\/\/www.koncchocolate.com\/\"},{\"@type\":\"ListItem\",\"position\":2,\"name\":\"Ma\u011faza\",\"item\":\"https:\/\/www.koncchocolate.com\/?page_id=1091\"},{\"@type\":\"ListItem\",\"position\":3,\"name\":\"Karamel Kuvert\u00fcr \u00c7ikolata (200gr)\"}]}]}<\/script>\n<!-- \/ Yoast SEO plugin. -->","yoast_head_json":{"title":"Karamel Kuvert\u00fcr \u00c7ikolata (200gr) - Kon\u00e7 Chocolate","robots":{"index":"index","follow":"follow","max-snippet":"max-snippet:-1","max-image-preview":"max-image-preview:large","max-video-preview":"max-video-preview:-1"},"canonical":"https:\/\/www.koncchocolate.com\/?product=karamel-kuvertur-cikolata-200-gr","og_locale":"tr_TR","og_type":"article","og_title":"Karamel Kuvert\u00fcr \u00c7ikolata (200gr) - Kon\u00e7 Chocolate","og_url":"https:\/\/www.koncchocolate.com\/?product=karamel-kuvertur-cikolata-200-gr","og_site_name":"Kon\u00e7 Chocolate","article_modified_time":"2022-06-21T09:13:25+00:00","twitter_card":"summary_large_image","schema":{"@context":"https:\/\/schema.org","@graph":[{"@type":"WebSite","@id":"https:\/\/www.koncchocolate.com\/#website","url":"https:\/\/www.koncchocolate.com\/","name":"Kon\u00e7 Chocolate","description":"Life is Better With Chocolate","potentialAction":[{"@type":"SearchAction","target":{"@type":"EntryPoint","urlTemplate":"https:\/\/www.koncchocolate.com\/?s={search_term_string}"},"query-input":"required name=search_term_string"}],"inLanguage":"tr"},{"@type":"WebPage","@id":"https:\/\/www.koncchocolate.com\/?product=karamel-kuvertur-cikolata-200-gr#webpage","url":"https:\/\/www.koncchocolate.com\/?product=karamel-kuvertur-cikolata-200-gr","name":"Karamel Kuvert\u00fcr \u00c7ikolata (200gr) - Kon\u00e7 Chocolate","isPartOf":{"@id":"https:\/\/www.koncchocolate.com\/#website"},"datePublished":"2022-06-21T08:43:31+00:00","dateModified":"2022-06-21T09:13:25+00:00","breadcrumb":{"@id":"https:\/\/www.koncchocolate.com\/?product=karamel-kuvertur-cikolata-200-gr#breadcrumb"},"inLanguage":"tr","potentialAction":[{"@type":"ReadAction","target":["https:\/\/www.koncchocolate.com\/?product=karamel-kuvertur-cikolata-200-gr"]}]},{"@type":"BreadcrumbList","@id":"https:\/\/www.koncchocolate.com\/?product=karamel-kuvertur-cikolata-200-gr#breadcrumb","itemListElement":[{"@type":"ListItem","position":1,"name":"Anasayfa","item":"https:\/\/www.koncchocolate.com\/"},{"@type":"ListItem","position":2,"name":"Ma\u011faza","item":"https:\/\/www.koncchocolate.com\/?page_id=1091"},{"@type":"ListItem","position":3,"name":"Karamel Kuvert\u00fcr \u00c7ikolata (200gr)"}]}]}},"_links":{"self":[{"href":"https:\/\/www.koncchocolate.com\/index.php?rest_route=\/wp\/v2\/product\/1364"}],"collection":[{"href":"https:\/\/www.koncchocolate.com\/index.php?rest_route=\/wp\/v2\/product"}],"about":[{"href":"https:\/\/www.koncchocolate.com\/index.php?rest_route=\/wp\/v2\/types\/product"}],"version-history":[{"count":2,"href":"https:\/\/www.koncchocolate.com\/index.php?rest_route=\/wp\/v2\/product\/1364\/revisions"}],"predecessor-version":[{"id":1397,"href":"https:\/\/www.koncchocolate.com\/index.php?rest_route=\/wp\/v2\/product\/1364\/revisions\/1397"}],"wp:attachment":[{"href":"https:\/\/www.koncchocolate.com\/index.php?rest_route=%2Fwp%2Fv2%2Fmedia&parent=1364"}],"wp:term":[{"taxonomy":"product_cat","embeddable":true,"href":"https:\/\/www.koncchocolate.com\/index.php?rest_route=%2Fwp%2Fv2%2Fproduct_cat&post=1364"},{"taxonomy":"product_tag","embeddable":true,"href":"https:\/\/www.koncchocolate.com\/index.php?rest_route=%2Fwp%2Fv2%2Fproduct_tag&post=1364"}],"curies":[{"name":"wp","href":"https:\/\/api.w.org\/{rel}","templated":true}]}}