{"id":1339,"date":"2022-06-20T19:43:26","date_gmt":"2022-06-20T16:43:26","guid":{"rendered":"https:\/\/www.koncchocolate.com\/?post_type=product&#038;p=1339"},"modified":"2022-06-21T12:15:09","modified_gmt":"2022-06-21T09:15:09","slug":"karamel-kuvertur-cikolata-pul-25-kg","status":"publish","type":"product","link":"https:\/\/www.koncchocolate.com\/?product=karamel-kuvertur-cikolata-pul-25-kg","title":{"rendered":"Karamel Kuvert\u00fcr \u00c7ikolata Pul (2,5kg)"},"content":{"rendered":"","protected":false},"excerpt":{"rendered":"","protected":false},"featured_media":0,"template":"elementor_theme","meta":[],"product_cat":[30],"product_tag":[43,32,36],"yoast_head":"<!-- This site is optimized with the Yoast SEO plugin v19.1 - https:\/\/yoast.com\/wordpress\/plugins\/seo\/ -->\n<title>Karamel Kuvert\u00fcr \u00c7ikolata Pul (2,5kg) - Kon\u00e7 Chocolate<\/title>\n<meta name=\"robots\" content=\"index, follow, max-snippet:-1, max-image-preview:large, max-video-preview:-1\" \/>\n<link rel=\"canonical\" href=\"https:\/\/www.koncchocolate.com\/?product=karamel-kuvertur-cikolata-pul-25-kg\" \/>\n<meta property=\"og:locale\" content=\"tr_TR\" \/>\n<meta property=\"og:type\" content=\"article\" \/>\n<meta property=\"og:title\" content=\"Karamel Kuvert\u00fcr \u00c7ikolata Pul (2,5kg) - Kon\u00e7 Chocolate\" \/>\n<meta property=\"og:url\" content=\"https:\/\/www.koncchocolate.com\/?product=karamel-kuvertur-cikolata-pul-25-kg\" \/>\n<meta property=\"og:site_name\" content=\"Kon\u00e7 Chocolate\" \/>\n<meta property=\"article:modified_time\" content=\"2022-06-21T09:15:09+00:00\" \/>\n<meta name=\"twitter:card\" content=\"summary_large_image\" \/>\n<script type=\"application\/ld+json\" class=\"yoast-schema-graph\">{\"@context\":\"https:\/\/schema.org\",\"@graph\":[{\"@type\":\"WebSite\",\"@id\":\"https:\/\/www.koncchocolate.com\/#website\",\"url\":\"https:\/\/www.koncchocolate.com\/\",\"name\":\"Kon\u00e7 Chocolate\",\"description\":\"Life is Better With Chocolate\",\"potentialAction\":[{\"@type\":\"SearchAction\",\"target\":{\"@type\":\"EntryPoint\",\"urlTemplate\":\"https:\/\/www.koncchocolate.com\/?s={search_term_string}\"},\"query-input\":\"required name=search_term_string\"}],\"inLanguage\":\"tr\"},{\"@type\":\"WebPage\",\"@id\":\"https:\/\/www.koncchocolate.com\/?product=karamel-kuvertur-cikolata-pul-25-kg#webpage\",\"url\":\"https:\/\/www.koncchocolate.com\/?product=karamel-kuvertur-cikolata-pul-25-kg\",\"name\":\"Karamel Kuvert\u00fcr \u00c7ikolata Pul (2,5kg) - Kon\u00e7 Chocolate\",\"isPartOf\":{\"@id\":\"https:\/\/www.koncchocolate.com\/#website\"},\"datePublished\":\"2022-06-20T16:43:26+00:00\",\"dateModified\":\"2022-06-21T09:15:09+00:00\",\"breadcrumb\":{\"@id\":\"https:\/\/www.koncchocolate.com\/?product=karamel-kuvertur-cikolata-pul-25-kg#breadcrumb\"},\"inLanguage\":\"tr\",\"potentialAction\":[{\"@type\":\"ReadAction\",\"target\":[\"https:\/\/www.koncchocolate.com\/?product=karamel-kuvertur-cikolata-pul-25-kg\"]}]},{\"@type\":\"BreadcrumbList\",\"@id\":\"https:\/\/www.koncchocolate.com\/?product=karamel-kuvertur-cikolata-pul-25-kg#breadcrumb\",\"itemListElement\":[{\"@type\":\"ListItem\",\"position\":1,\"name\":\"Anasayfa\",\"item\":\"https:\/\/www.koncchocolate.com\/\"},{\"@type\":\"ListItem\",\"position\":2,\"name\":\"Ma\u011faza\",\"item\":\"https:\/\/www.koncchocolate.com\/?page_id=1091\"},{\"@type\":\"ListItem\",\"position\":3,\"name\":\"Karamel Kuvert\u00fcr \u00c7ikolata Pul (2,5kg)\"}]}]}<\/script>\n<!-- \/ Yoast SEO plugin. -->","yoast_head_json":{"title":"Karamel Kuvert\u00fcr \u00c7ikolata Pul (2,5kg) - Kon\u00e7 Chocolate","robots":{"index":"index","follow":"follow","max-snippet":"max-snippet:-1","max-image-preview":"max-image-preview:large","max-video-preview":"max-video-preview:-1"},"canonical":"https:\/\/www.koncchocolate.com\/?product=karamel-kuvertur-cikolata-pul-25-kg","og_locale":"tr_TR","og_type":"article","og_title":"Karamel Kuvert\u00fcr \u00c7ikolata Pul (2,5kg) - Kon\u00e7 Chocolate","og_url":"https:\/\/www.koncchocolate.com\/?product=karamel-kuvertur-cikolata-pul-25-kg","og_site_name":"Kon\u00e7 Chocolate","article_modified_time":"2022-06-21T09:15:09+00:00","twitter_card":"summary_large_image","schema":{"@context":"https:\/\/schema.org","@graph":[{"@type":"WebSite","@id":"https:\/\/www.koncchocolate.com\/#website","url":"https:\/\/www.koncchocolate.com\/","name":"Kon\u00e7 Chocolate","description":"Life is Better With Chocolate","potentialAction":[{"@type":"SearchAction","target":{"@type":"EntryPoint","urlTemplate":"https:\/\/www.koncchocolate.com\/?s={search_term_string}"},"query-input":"required name=search_term_string"}],"inLanguage":"tr"},{"@type":"WebPage","@id":"https:\/\/www.koncchocolate.com\/?product=karamel-kuvertur-cikolata-pul-25-kg#webpage","url":"https:\/\/www.koncchocolate.com\/?product=karamel-kuvertur-cikolata-pul-25-kg","name":"Karamel Kuvert\u00fcr \u00c7ikolata Pul (2,5kg) - Kon\u00e7 Chocolate","isPartOf":{"@id":"https:\/\/www.koncchocolate.com\/#website"},"datePublished":"2022-06-20T16:43:26+00:00","dateModified":"2022-06-21T09:15:09+00:00","breadcrumb":{"@id":"https:\/\/www.koncchocolate.com\/?product=karamel-kuvertur-cikolata-pul-25-kg#breadcrumb"},"inLanguage":"tr","potentialAction":[{"@type":"ReadAction","target":["https:\/\/www.koncchocolate.com\/?product=karamel-kuvertur-cikolata-pul-25-kg"]}]},{"@type":"BreadcrumbList","@id":"https:\/\/www.koncchocolate.com\/?product=karamel-kuvertur-cikolata-pul-25-kg#breadcrumb","itemListElement":[{"@type":"ListItem","position":1,"name":"Anasayfa","item":"https:\/\/www.koncchocolate.com\/"},{"@type":"ListItem","position":2,"name":"Ma\u011faza","item":"https:\/\/www.koncchocolate.com\/?page_id=1091"},{"@type":"ListItem","position":3,"name":"Karamel Kuvert\u00fcr \u00c7ikolata Pul (2,5kg)"}]}]}},"_links":{"self":[{"href":"https:\/\/www.koncchocolate.com\/index.php?rest_route=\/wp\/v2\/product\/1339"}],"collection":[{"href":"https:\/\/www.koncchocolate.com\/index.php?rest_route=\/wp\/v2\/product"}],"about":[{"href":"https:\/\/www.koncchocolate.com\/index.php?rest_route=\/wp\/v2\/types\/product"}],"version-history":[{"count":2,"href":"https:\/\/www.koncchocolate.com\/index.php?rest_route=\/wp\/v2\/product\/1339\/revisions"}],"predecessor-version":[{"id":1406,"href":"https:\/\/www.koncchocolate.com\/index.php?rest_route=\/wp\/v2\/product\/1339\/revisions\/1406"}],"wp:attachment":[{"href":"https:\/\/www.koncchocolate.com\/index.php?rest_route=%2Fwp%2Fv2%2Fmedia&parent=1339"}],"wp:term":[{"taxonomy":"product_cat","embeddable":true,"href":"https:\/\/www.koncchocolate.com\/index.php?rest_route=%2Fwp%2Fv2%2Fproduct_cat&post=1339"},{"taxonomy":"product_tag","embeddable":true,"href":"https:\/\/www.koncchocolate.com\/index.php?rest_route=%2Fwp%2Fv2%2Fproduct_tag&post=1339"}],"curies":[{"name":"wp","href":"https:\/\/api.w.org\/{rel}","templated":true}]}}