{"id":7,"date":"2019-06-03T09:00:25","date_gmt":"2019-06-03T09:00:25","guid":{"rendered":"http:\/\/sincere-weevil.w6.wpsandbox.pro\/?page_id=7"},"modified":"2022-06-21T14:02:14","modified_gmt":"2022-06-21T11:02:14","slug":"about","status":"publish","type":"page","link":"https:\/\/www.koncchocolate.com\/?page_id=7","title":{"rendered":"Hakk\u0131m\u0131zda"},"content":{"rendered":"\t\t<div data-elementor-type=\"wp-post\" data-elementor-id=\"7\" class=\"elementor elementor-7\">\n\t\t\t\t\t\t\t\t\t<section class=\"elementor-section elementor-top-section elementor-element elementor-element-dff5480 elementor-section-boxed elementor-section-height-default elementor-section-height-default\" data-id=\"dff5480\" data-element_type=\"section\" data-settings=\"{&quot;background_background&quot;:&quot;classic&quot;}\">\n\t\t\t\t\t\t<div class=\"elementor-container elementor-column-gap-default\">\n\t\t\t\t\t<div class=\"elementor-column elementor-col-100 elementor-top-column elementor-element elementor-element-98da9f3\" data-id=\"98da9f3\" data-element_type=\"column\">\n\t\t\t<div class=\"elementor-widget-wrap elementor-element-populated\">\n\t\t\t\t\t\t\t\t<div class=\"elementor-element elementor-element-52d7768 elementor-align-center elementor-widget elementor-widget-button\" data-id=\"52d7768\" data-element_type=\"widget\" data-widget_type=\"button.default\">\n\t\t\t\t<div class=\"elementor-widget-container\">\n\t\t\t\t\t<div class=\"elementor-button-wrapper\">\n\t\t\t<a href=\"#\" class=\"elementor-button-link elementor-button elementor-size-sm\" role=\"button\">\n\t\t\t\t\t\t<span class=\"elementor-button-content-wrapper\">\n\t\t\t\t\t\t<span class=\"elementor-button-text\"><\/span>\n\t\t<\/span>\n\t\t\t\t\t<\/a>\n\t\t<\/div>\n\t\t\t\t<\/div>\n\t\t\t\t<\/div>\n\t\t\t\t<div class=\"elementor-element elementor-element-7b6c846 elementor-widget elementor-widget-heading\" data-id=\"7b6c846\" data-element_type=\"widget\" data-widget_type=\"heading.default\">\n\t\t\t\t<div class=\"elementor-widget-container\">\n\t\t\t<style>\/*! elementor - v3.6.6 - 08-06-2022 *\/\n.elementor-heading-title{padding:0;margin:0;line-height:1}.elementor-widget-heading .elementor-heading-title[class*=elementor-size-]>a{color:inherit;font-size:inherit;line-height:inherit}.elementor-widget-heading .elementor-heading-title.elementor-size-small{font-size:15px}.elementor-widget-heading .elementor-heading-title.elementor-size-medium{font-size:19px}.elementor-widget-heading .elementor-heading-title.elementor-size-large{font-size:29px}.elementor-widget-heading .elementor-heading-title.elementor-size-xl{font-size:39px}.elementor-widget-heading .elementor-heading-title.elementor-size-xxl{font-size:59px}<\/style><h2 class=\"elementor-heading-title elementor-size-default\">Hakk\u0131m\u0131zda<\/h2>\t\t<\/div>\n\t\t\t\t<\/div>\n\t\t\t\t<div class=\"elementor-element elementor-element-dca3289 elementor-align-center elementor-widget elementor-widget-button\" data-id=\"dca3289\" data-element_type=\"widget\" data-widget_type=\"button.default\">\n\t\t\t\t<div class=\"elementor-widget-container\">\n\t\t\t\t\t<div class=\"elementor-button-wrapper\">\n\t\t\t<a href=\"#\" class=\"elementor-button-link elementor-button elementor-size-sm\" role=\"button\">\n\t\t\t\t\t\t<span class=\"elementor-button-content-wrapper\">\n\t\t\t\t\t\t<span class=\"elementor-button-text\"><\/span>\n\t\t<\/span>\n\t\t\t\t\t<\/a>\n\t\t<\/div>\n\t\t\t\t<\/div>\n\t\t\t\t<\/div>\n\t\t\t\t\t<\/div>\n\t\t<\/div>\n\t\t\t\t\t\t\t<\/div>\n\t\t<\/section>\n\t\t\t\t<section class=\"elementor-section elementor-top-section elementor-element elementor-element-234ee28 elementor-reverse-tablet elementor-reverse-mobile elementor-section-boxed elementor-section-height-default elementor-section-height-default\" data-id=\"234ee28\" data-element_type=\"section\" data-settings=\"{&quot;background_background&quot;:&quot;classic&quot;}\">\n\t\t\t\t\t\t<div class=\"elementor-container elementor-column-gap-default\">\n\t\t\t\t\t<div class=\"elementor-column elementor-col-50 elementor-top-column elementor-element elementor-element-946c376\" data-id=\"946c376\" data-element_type=\"column\" data-settings=\"{&quot;background_background&quot;:&quot;classic&quot;}\">\n\t\t\t<div class=\"elementor-widget-wrap elementor-element-populated\">\n\t\t\t\t\t\t\t\t<section class=\"elementor-section elementor-inner-section elementor-element elementor-element-66c81a2 elementor-section-full_width elementor-section-height-default elementor-section-height-default\" data-id=\"66c81a2\" data-element_type=\"section\">\n\t\t\t\t\t\t<div class=\"elementor-container elementor-column-gap-default\">\n\t\t\t\t\t<div class=\"elementor-column elementor-col-100 elementor-inner-column elementor-element elementor-element-4dc3d99\" data-id=\"4dc3d99\" data-element_type=\"column\" data-settings=\"{&quot;background_background&quot;:&quot;classic&quot;}\">\n\t\t\t<div class=\"elementor-widget-wrap elementor-element-populated\">\n\t\t\t\t\t\t\t\t<div class=\"elementor-element elementor-element-00ed1a5 elementor-widget elementor-widget-heading\" data-id=\"00ed1a5\" data-element_type=\"widget\" data-widget_type=\"heading.default\">\n\t\t\t\t<div class=\"elementor-widget-container\">\n\t\t\t<h2 class=\"elementor-heading-title elementor-size-default\">En <font color=\"#b89b5e\">do\u011fru <\/font>en <span style=\"color: #b89b5e;\">lezzetli <\/span>\u00e7ikolatalar\u0131   sizin i\u00e7in<span style=\"font-family: var( --e-global-typography-primary-font-family ), Sans-serif; font-style: inherit; font-weight: var( --e-global-typography-primary-font-weight );\"> \u00fcretiyoruz.<\/span><span style=\"font-family: var( --e-global-typography-primary-font-family ), Sans-serif; font-style: inherit; font-weight: var( --e-global-typography-primary-font-weight );\"><\/span><br><\/h2>\t\t<\/div>\n\t\t\t\t<\/div>\n\t\t\t\t<div class=\"elementor-element elementor-element-81353b9 elementor-widget elementor-widget-heading\" data-id=\"81353b9\" data-element_type=\"widget\" data-widget_type=\"heading.default\">\n\t\t\t\t<div class=\"elementor-widget-container\">\n\t\t\t<p class=\"elementor-heading-title elementor-size-default\">Hayat \u00e7ikolata ile  daha g\u00fczel s\u00f6z\u00fcyle yola \u00e7\u0131kan Kon\u00e7 Chocolate 2018 y\u0131l\u0131nda butik bir draje \u00fcreticisi olarak bu tatl\u0131 yola koyuldu. Kulland\u0131\u011f\u0131m\u0131z ger\u00e7ek kakao ya\u011f\u0131 ve kitlesi ile katk\u0131s\u0131z olarak haz\u0131rlad\u0131\u011f\u0131m\u0131z kar\u0131\u015f\u0131m sevgimizle birle\u015ferek Kon\u00e7 \u00c7ikolata 'ya \u00f6zel ger\u00e7ek \u00e7ikolata re\u00e7etemizi ortaya \u00e7\u0131kard\u0131. Ge\u00e7en \u00e7ok k\u0131sa s\u00fcre i\u00e7erisinde i\u015fimize ve \u00e7ikolataya olan a\u015fk\u0131m\u0131zla ar-ge ve teknolojimize g\u00fc\u00e7l\u00fc yat\u0131r\u0131mlar yapt\u0131k.<\/p>\t\t<\/div>\n\t\t\t\t<\/div>\n\t\t\t\t<div class=\"elementor-element elementor-element-9527542 elementor-widget elementor-widget-heading\" data-id=\"9527542\" data-element_type=\"widget\" data-widget_type=\"heading.default\">\n\t\t\t\t<div class=\"elementor-widget-container\">\n\t\t\t<p class=\"elementor-heading-title elementor-size-default\">Butik draje \u00fcretimiyle ba\u015flad\u0131\u011f\u0131m\u0131z bu yolda t\u00fcketicilerimizden gelen sevginin g\u00fcc\u00fcyle bug\u00fcn perakende ve end\u00fcstriyel alanda hizmet verdi\u011fimiz 150\u2019 ye yak\u0131n geni\u015f bir \u00fcr\u00fcn yelpazesine ula\u015ft\u0131k. \u00dcr\u00fcnlerimize olan ilginin verdi\u011fi mutlulukla, i\u015fimize olan a\u015fk\u0131m\u0131z\u0131 yapt\u0131\u011f\u0131m\u0131z yat\u0131r\u0131mlarla daha da b\u00fcy\u00fcterek \u00fclke ekonomimize, istihdam\u0131na katk\u0131 sa\u011flamay\u0131 kendimize hedef se\u00e7tik. Bug\u00fcn oldu\u011fu gibi gelecekte de takdir edilen do\u011fru ve lezzetli \u00e7ikolata yapmaya devam edebilmek i\u00e7in sizleri de \u00fcr\u00fcnlerimizi denemeye davet ediyoruz.<\/p>\t\t<\/div>\n\t\t\t\t<\/div>\n\t\t\t\t<div class=\"elementor-element elementor-element-dd6e439 elementor-widget elementor-widget-heading\" data-id=\"dd6e439\" data-element_type=\"widget\" data-widget_type=\"heading.default\">\n\t\t\t\t<div class=\"elementor-widget-container\">\n\t\t\t<p class=\"elementor-heading-title elementor-size-default\">Bizi Aray\u0131n :  &nbsp; &nbsp; &nbsp; &nbsp; &nbsp; &nbsp;  +90-212-596-99-62<\/p>\t\t<\/div>\n\t\t\t\t<\/div>\n\t\t\t\t<div class=\"elementor-element elementor-element-2f1142c elementor-widget elementor-widget-heading\" data-id=\"2f1142c\" data-element_type=\"widget\" data-widget_type=\"heading.default\">\n\t\t\t\t<div class=\"elementor-widget-container\">\n\t\t\t<h4 class=\"elementor-heading-title elementor-size-default\">Life is Better With Chocolate<\/h4>\t\t<\/div>\n\t\t\t\t<\/div>\n\t\t\t\t<div class=\"elementor-element elementor-element-580a5d5 elementor-widget elementor-widget-heading\" data-id=\"580a5d5\" data-element_type=\"widget\" data-widget_type=\"heading.default\">\n\t\t\t\t<div class=\"elementor-widget-container\">\n\t\t\t<h2 class=\"elementor-heading-title elementor-size-default\">Kon\u00e7 Chocolate<\/h2>\t\t<\/div>\n\t\t\t\t<\/div>\n\t\t\t\t<div class=\"elementor-element elementor-element-b6a07b8 elementor-widget elementor-widget-heading\" data-id=\"b6a07b8\" data-element_type=\"widget\" data-widget_type=\"heading.default\">\n\t\t\t\t<div class=\"elementor-widget-container\">\n\t\t\t<h2 class=\"elementor-heading-title elementor-size-default\">Hayat \u00c7ikolata ile Daha G\u00fczel <\/h2>\t\t<\/div>\n\t\t\t\t<\/div>\n\t\t\t\t\t<\/div>\n\t\t<\/div>\n\t\t\t\t\t\t\t<\/div>\n\t\t<\/section>\n\t\t\t\t\t<\/div>\n\t\t<\/div>\n\t\t\t\t<div class=\"elementor-column elementor-col-50 elementor-top-column elementor-element elementor-element-f0a3078\" data-id=\"f0a3078\" data-element_type=\"column\" data-settings=\"{&quot;background_background&quot;:&quot;classic&quot;}\">\n\t\t\t<div class=\"elementor-widget-wrap elementor-element-populated\">\n\t\t\t\t\t\t\t\t<section class=\"elementor-section elementor-inner-section elementor-element elementor-element-6abcc5f elementor-section-boxed elementor-section-height-default elementor-section-height-default\" data-id=\"6abcc5f\" data-element_type=\"section\">\n\t\t\t\t\t\t<div class=\"elementor-container elementor-column-gap-default\">\n\t\t\t\t\t<div class=\"elementor-column elementor-col-100 elementor-inner-column elementor-element elementor-element-142d28c\" data-id=\"142d28c\" data-element_type=\"column\">\n\t\t\t<div class=\"elementor-widget-wrap elementor-element-populated\">\n\t\t\t\t\t\t\t\t<div class=\"elementor-element elementor-element-86c04f6 elementor-widget elementor-widget-image\" data-id=\"86c04f6\" data-element_type=\"widget\" data-widget_type=\"image.default\">\n\t\t\t\t<div class=\"elementor-widget-container\">\n\t\t\t<style>\/*! elementor - v3.6.6 - 08-06-2022 *\/\n.elementor-widget-image{text-align:center}.elementor-widget-image a{display:inline-block}.elementor-widget-image a img[src$=\".svg\"]{width:48px}.elementor-widget-image img{vertical-align:middle;display:inline-block}<\/style>\t\t\t\t\t\t\t\t\t\t\t\t<img width=\"682\" height=\"1024\" src=\"https:\/\/www.koncchocolate.com\/wp-content\/uploads\/2022\/06\/WhatsApp-Image-2022-02-28-at-13.16.29-2-682x1024.jpeg\" class=\"attachment-large size-large\" alt=\"\" loading=\"lazy\" srcset=\"https:\/\/www.koncchocolate.com\/wp-content\/uploads\/2022\/06\/WhatsApp-Image-2022-02-28-at-13.16.29-2-682x1024.jpeg 682w, https:\/\/www.koncchocolate.com\/wp-content\/uploads\/2022\/06\/WhatsApp-Image-2022-02-28-at-13.16.29-2-200x300.jpeg 200w, https:\/\/www.koncchocolate.com\/wp-content\/uploads\/2022\/06\/WhatsApp-Image-2022-02-28-at-13.16.29-2-768x1153.jpeg 768w, https:\/\/www.koncchocolate.com\/wp-content\/uploads\/2022\/06\/WhatsApp-Image-2022-02-28-at-13.16.29-2-1023x1536.jpeg 1023w, https:\/\/www.koncchocolate.com\/wp-content\/uploads\/2022\/06\/WhatsApp-Image-2022-02-28-at-13.16.29-2-600x901.jpeg 600w, https:\/\/www.koncchocolate.com\/wp-content\/uploads\/2022\/06\/WhatsApp-Image-2022-02-28-at-13.16.29-2.jpeg 1066w\" sizes=\"(max-width: 682px) 100vw, 682px\" \/>\t\t\t\t\t\t\t\t\t\t\t\t\t\t\t<\/div>\n\t\t\t\t<\/div>\n\t\t\t\t\t<\/div>\n\t\t<\/div>\n\t\t\t\t\t\t\t<\/div>\n\t\t<\/section>\n\t\t\t\t\t<\/div>\n\t\t<\/div>\n\t\t\t\t\t\t\t<\/div>\n\t\t<\/section>\n\t\t\t\t<section class=\"elementor-section elementor-top-section elementor-element elementor-element-d16c13c elementor-section-full_width elementor-section-height-default elementor-section-height-default\" data-id=\"d16c13c\" data-element_type=\"section\">\n\t\t\t\t\t\t<div class=\"elementor-container elementor-column-gap-default\">\n\t\t\t\t\t<div class=\"elementor-column elementor-col-100 elementor-top-column elementor-element elementor-element-4b5e6bb\" data-id=\"4b5e6bb\" data-element_type=\"column\">\n\t\t\t<div class=\"elementor-widget-wrap\">\n\t\t\t\t\t\t\t\t\t<\/div>\n\t\t<\/div>\n\t\t\t\t\t\t\t<\/div>\n\t\t<\/section>\n\t\t\t\t<section class=\"elementor-section elementor-top-section elementor-element elementor-element-f578d55 elementor-section-boxed elementor-section-height-default elementor-section-height-default\" data-id=\"f578d55\" data-element_type=\"section\" data-settings=\"{&quot;background_background&quot;:&quot;classic&quot;}\">\n\t\t\t\t\t\t<div class=\"elementor-container elementor-column-gap-default\">\n\t\t\t\t\t<div class=\"elementor-column elementor-col-100 elementor-top-column elementor-element elementor-element-d810d8e\" data-id=\"d810d8e\" data-element_type=\"column\">\n\t\t\t<div class=\"elementor-widget-wrap elementor-element-populated\">\n\t\t\t\t\t\t\t\t<div class=\"elementor-element elementor-element-5a3d0ce elementor-widget elementor-widget-image-carousel\" data-id=\"5a3d0ce\" data-element_type=\"widget\" data-settings=\"{&quot;slides_to_show&quot;:&quot;6&quot;,&quot;slides_to_scroll&quot;:&quot;2&quot;,&quot;navigation&quot;:&quot;none&quot;,&quot;image_spacing_custom&quot;:{&quot;unit&quot;:&quot;px&quot;,&quot;size&quot;:40,&quot;sizes&quot;:[]},&quot;slides_to_show_tablet&quot;:&quot;4&quot;,&quot;slides_to_show_mobile&quot;:&quot;2&quot;,&quot;slides_to_scroll_tablet&quot;:&quot;2&quot;,&quot;slides_to_scroll_mobile&quot;:&quot;2&quot;,&quot;autoplay&quot;:&quot;yes&quot;,&quot;pause_on_hover&quot;:&quot;yes&quot;,&quot;pause_on_interaction&quot;:&quot;yes&quot;,&quot;autoplay_speed&quot;:5000,&quot;infinite&quot;:&quot;yes&quot;,&quot;speed&quot;:500}\" data-widget_type=\"image-carousel.default\">\n\t\t\t\t<div class=\"elementor-widget-container\">\n\t\t\t<style>\/*! elementor - v3.6.6 - 08-06-2022 *\/\n.elementor-widget-image-carousel .swiper-container{position:static}.elementor-widget-image-carousel .swiper-container .swiper-slide figure{line-height:inherit}.elementor-widget-image-carousel .swiper-slide{text-align:center}.elementor-image-carousel-wrapper:not(.swiper-container-initialized) .swiper-slide{max-width:calc(100% \/ var(--e-image-carousel-slides-to-show, 3))}<\/style>\t\t<div class=\"elementor-image-carousel-wrapper swiper-container\" dir=\"ltr\">\n\t\t\t<div class=\"elementor-image-carousel swiper-wrapper\">\n\t\t\t\t\t\t\t\t<div class=\"swiper-slide\"><figure class=\"swiper-slide-inner\"><img class=\"swiper-slide-image\" src=\"https:\/\/www.koncchocolate.com\/wp-content\/uploads\/2022\/06\/bitter-konfiseri-25-kg-pul-150x150.png\" alt=\"bitter konfiseri 2,5 kg pul\" \/><\/figure><\/div><div class=\"swiper-slide\"><figure class=\"swiper-slide-inner\"><img class=\"swiper-slide-image\" src=\"https:\/\/www.koncchocolate.com\/wp-content\/uploads\/2022\/06\/bitter-25-pul-150x150.png\" alt=\"bitter 2,5 pul\" \/><\/figure><\/div><div class=\"swiper-slide\"><figure class=\"swiper-slide-inner\"><img class=\"swiper-slide-image\" src=\"https:\/\/www.koncchocolate.com\/wp-content\/uploads\/2022\/06\/200-gr-sutlu-kuvertur-150x150.png\" alt=\"200 gr s\u00fctl\u00fc kuvert\u00fcr\" \/><\/figure><\/div><div class=\"swiper-slide\"><figure class=\"swiper-slide-inner\"><img class=\"swiper-slide-image\" src=\"https:\/\/www.koncchocolate.com\/wp-content\/uploads\/2022\/06\/200-gr-sutlu-konfiseri-150x150.png\" alt=\"200 gr s\u00fctl\u00fc konfiseri\" \/><\/figure><\/div><div class=\"swiper-slide\"><figure class=\"swiper-slide-inner\"><img class=\"swiper-slide-image\" src=\"https:\/\/www.koncchocolate.com\/wp-content\/uploads\/2022\/06\/275-150x150.png\" alt=\"275\" \/><\/figure><\/div><div class=\"swiper-slide\"><figure class=\"swiper-slide-inner\"><img class=\"swiper-slide-image\" src=\"https:\/\/www.koncchocolate.com\/wp-content\/uploads\/2022\/06\/jar-13-150x150.png\" alt=\"jar-13\" \/><\/figure><\/div>\t\t\t<\/div>\n\t\t\t\t\t\t\t\t\t\t\t\t\t\t\t\t<\/div>\n\t\t\t\t<\/div>\n\t\t\t\t<\/div>\n\t\t\t\t\t<\/div>\n\t\t<\/div>\n\t\t\t\t\t\t\t<\/div>\n\t\t<\/section>\n\t\t\t\t\t\t\t<\/div>\n\t\t","protected":false},"excerpt":{"rendered":"<p>Hakk\u0131m\u0131zda En do\u011fru en lezzetli \u00e7ikolatalar\u0131 sizin i\u00e7in \u00fcretiyoruz. Hayat \u00e7ikolata ile daha g\u00fczel s\u00f6z\u00fcyle yola \u00e7\u0131kan Kon\u00e7 Chocolate 2018 y\u0131l\u0131nda butik bir draje \u00fcreticisi olarak bu tatl\u0131 yola koyuldu. Kulland\u0131\u011f\u0131m\u0131z ger\u00e7ek kakao ya\u011f\u0131 ve kitlesi ile katk\u0131s\u0131z olarak haz\u0131rlad\u0131\u011f\u0131m\u0131z kar\u0131\u015f\u0131m sevgimizle birle\u015ferek Kon\u00e7 \u00c7ikolata &#8216;ya \u00f6zel ger\u00e7ek \u00e7ikolata re\u00e7etemizi ortaya \u00e7\u0131kard\u0131. Ge\u00e7en \u00e7ok k\u0131sa [&hellip;]<\/p>\n","protected":false},"author":1,"featured_media":0,"parent":0,"menu_order":0,"comment_status":"closed","ping_status":"closed","template":"page-templates\/pagebuilder.php","meta":[],"yoast_head":"<!-- This site is optimized with the Yoast SEO plugin v19.1 - https:\/\/yoast.com\/wordpress\/plugins\/seo\/ -->\n<title>Hakk\u0131m\u0131zda - Kon\u00e7 Chocolate<\/title>\n<meta name=\"robots\" content=\"index, follow, max-snippet:-1, max-image-preview:large, max-video-preview:-1\" \/>\n<link rel=\"canonical\" href=\"https:\/\/www.koncchocolate.com\/?page_id=7\" \/>\n<meta property=\"og:locale\" content=\"tr_TR\" \/>\n<meta property=\"og:type\" content=\"article\" \/>\n<meta property=\"og:title\" content=\"Hakk\u0131m\u0131zda - Kon\u00e7 Chocolate\" \/>\n<meta property=\"og:description\" content=\"Hakk\u0131m\u0131zda En do\u011fru en lezzetli \u00e7ikolatalar\u0131 sizin i\u00e7in \u00fcretiyoruz. Hayat \u00e7ikolata ile daha g\u00fczel s\u00f6z\u00fcyle yola \u00e7\u0131kan Kon\u00e7 Chocolate 2018 y\u0131l\u0131nda butik bir draje \u00fcreticisi olarak bu tatl\u0131 yola koyuldu. Kulland\u0131\u011f\u0131m\u0131z ger\u00e7ek kakao ya\u011f\u0131 ve kitlesi ile katk\u0131s\u0131z olarak haz\u0131rlad\u0131\u011f\u0131m\u0131z kar\u0131\u015f\u0131m sevgimizle birle\u015ferek Kon\u00e7 \u00c7ikolata &#8216;ya \u00f6zel ger\u00e7ek \u00e7ikolata re\u00e7etemizi ortaya \u00e7\u0131kard\u0131. Ge\u00e7en \u00e7ok k\u0131sa [&hellip;]\" \/>\n<meta property=\"og:url\" content=\"https:\/\/www.koncchocolate.com\/?page_id=7\" \/>\n<meta property=\"og:site_name\" content=\"Kon\u00e7 Chocolate\" \/>\n<meta property=\"article:modified_time\" content=\"2022-06-21T11:02:14+00:00\" \/>\n<meta property=\"og:image\" content=\"https:\/\/www.koncchocolate.com\/wp-content\/uploads\/2022\/06\/WhatsApp-Image-2022-02-28-at-13.16.29-2-682x1024.jpeg\" \/>\n<meta name=\"twitter:card\" content=\"summary_large_image\" \/>\n<meta name=\"twitter:label1\" content=\"Tahmini okuma s\u00fcresi\" \/>\n\t<meta name=\"twitter:data1\" content=\"5 dakika\" \/>\n<script type=\"application\/ld+json\" class=\"yoast-schema-graph\">{\"@context\":\"https:\/\/schema.org\",\"@graph\":[{\"@type\":\"WebSite\",\"@id\":\"https:\/\/www.koncchocolate.com\/#website\",\"url\":\"https:\/\/www.koncchocolate.com\/\",\"name\":\"Kon\u00e7 Chocolate\",\"description\":\"Life is Better With Chocolate\",\"potentialAction\":[{\"@type\":\"SearchAction\",\"target\":{\"@type\":\"EntryPoint\",\"urlTemplate\":\"https:\/\/www.koncchocolate.com\/?s={search_term_string}\"},\"query-input\":\"required name=search_term_string\"}],\"inLanguage\":\"tr\"},{\"@type\":\"ImageObject\",\"inLanguage\":\"tr\",\"@id\":\"https:\/\/www.koncchocolate.com\/?page_id=7#primaryimage\",\"url\":\"https:\/\/www.koncchocolate.com\/wp-content\/uploads\/2022\/06\/WhatsApp-Image-2022-02-28-at-13.16.29-2.jpeg\",\"contentUrl\":\"https:\/\/www.koncchocolate.com\/wp-content\/uploads\/2022\/06\/WhatsApp-Image-2022-02-28-at-13.16.29-2.jpeg\",\"width\":1066,\"height\":1600},{\"@type\":\"WebPage\",\"@id\":\"https:\/\/www.koncchocolate.com\/?page_id=7#webpage\",\"url\":\"https:\/\/www.koncchocolate.com\/?page_id=7\",\"name\":\"Hakk\u0131m\u0131zda - Kon\u00e7 Chocolate\",\"isPartOf\":{\"@id\":\"https:\/\/www.koncchocolate.com\/#website\"},\"primaryImageOfPage\":{\"@id\":\"https:\/\/www.koncchocolate.com\/?page_id=7#primaryimage\"},\"datePublished\":\"2019-06-03T09:00:25+00:00\",\"dateModified\":\"2022-06-21T11:02:14+00:00\",\"breadcrumb\":{\"@id\":\"https:\/\/www.koncchocolate.com\/?page_id=7#breadcrumb\"},\"inLanguage\":\"tr\",\"potentialAction\":[{\"@type\":\"ReadAction\",\"target\":[\"https:\/\/www.koncchocolate.com\/?page_id=7\"]}]},{\"@type\":\"BreadcrumbList\",\"@id\":\"https:\/\/www.koncchocolate.com\/?page_id=7#breadcrumb\",\"itemListElement\":[{\"@type\":\"ListItem\",\"position\":1,\"name\":\"Anasayfa\",\"item\":\"https:\/\/www.koncchocolate.com\/\"},{\"@type\":\"ListItem\",\"position\":2,\"name\":\"Hakk\u0131m\u0131zda\"}]}]}<\/script>\n<!-- \/ Yoast SEO plugin. -->","yoast_head_json":{"title":"Hakk\u0131m\u0131zda - Kon\u00e7 Chocolate","robots":{"index":"index","follow":"follow","max-snippet":"max-snippet:-1","max-image-preview":"max-image-preview:large","max-video-preview":"max-video-preview:-1"},"canonical":"https:\/\/www.koncchocolate.com\/?page_id=7","og_locale":"tr_TR","og_type":"article","og_title":"Hakk\u0131m\u0131zda - Kon\u00e7 Chocolate","og_description":"Hakk\u0131m\u0131zda En do\u011fru en lezzetli \u00e7ikolatalar\u0131 sizin i\u00e7in \u00fcretiyoruz. Hayat \u00e7ikolata ile daha g\u00fczel s\u00f6z\u00fcyle yola \u00e7\u0131kan Kon\u00e7 Chocolate 2018 y\u0131l\u0131nda butik bir draje \u00fcreticisi olarak bu tatl\u0131 yola koyuldu. Kulland\u0131\u011f\u0131m\u0131z ger\u00e7ek kakao ya\u011f\u0131 ve kitlesi ile katk\u0131s\u0131z olarak haz\u0131rlad\u0131\u011f\u0131m\u0131z kar\u0131\u015f\u0131m sevgimizle birle\u015ferek Kon\u00e7 \u00c7ikolata &#8216;ya \u00f6zel ger\u00e7ek \u00e7ikolata re\u00e7etemizi ortaya \u00e7\u0131kard\u0131. Ge\u00e7en \u00e7ok k\u0131sa [&hellip;]","og_url":"https:\/\/www.koncchocolate.com\/?page_id=7","og_site_name":"Kon\u00e7 Chocolate","article_modified_time":"2022-06-21T11:02:14+00:00","og_image":[{"url":"https:\/\/www.koncchocolate.com\/wp-content\/uploads\/2022\/06\/WhatsApp-Image-2022-02-28-at-13.16.29-2-682x1024.jpeg"}],"twitter_card":"summary_large_image","twitter_misc":{"Tahmini okuma s\u00fcresi":"5 dakika"},"schema":{"@context":"https:\/\/schema.org","@graph":[{"@type":"WebSite","@id":"https:\/\/www.koncchocolate.com\/#website","url":"https:\/\/www.koncchocolate.com\/","name":"Kon\u00e7 Chocolate","description":"Life is Better With Chocolate","potentialAction":[{"@type":"SearchAction","target":{"@type":"EntryPoint","urlTemplate":"https:\/\/www.koncchocolate.com\/?s={search_term_string}"},"query-input":"required name=search_term_string"}],"inLanguage":"tr"},{"@type":"ImageObject","inLanguage":"tr","@id":"https:\/\/www.koncchocolate.com\/?page_id=7#primaryimage","url":"https:\/\/www.koncchocolate.com\/wp-content\/uploads\/2022\/06\/WhatsApp-Image-2022-02-28-at-13.16.29-2.jpeg","contentUrl":"https:\/\/www.koncchocolate.com\/wp-content\/uploads\/2022\/06\/WhatsApp-Image-2022-02-28-at-13.16.29-2.jpeg","width":1066,"height":1600},{"@type":"WebPage","@id":"https:\/\/www.koncchocolate.com\/?page_id=7#webpage","url":"https:\/\/www.koncchocolate.com\/?page_id=7","name":"Hakk\u0131m\u0131zda - Kon\u00e7 Chocolate","isPartOf":{"@id":"https:\/\/www.koncchocolate.com\/#website"},"primaryImageOfPage":{"@id":"https:\/\/www.koncchocolate.com\/?page_id=7#primaryimage"},"datePublished":"2019-06-03T09:00:25+00:00","dateModified":"2022-06-21T11:02:14+00:00","breadcrumb":{"@id":"https:\/\/www.koncchocolate.com\/?page_id=7#breadcrumb"},"inLanguage":"tr","potentialAction":[{"@type":"ReadAction","target":["https:\/\/www.koncchocolate.com\/?page_id=7"]}]},{"@type":"BreadcrumbList","@id":"https:\/\/www.koncchocolate.com\/?page_id=7#breadcrumb","itemListElement":[{"@type":"ListItem","position":1,"name":"Anasayfa","item":"https:\/\/www.koncchocolate.com\/"},{"@type":"ListItem","position":2,"name":"Hakk\u0131m\u0131zda"}]}]}},"_links":{"self":[{"href":"https:\/\/www.koncchocolate.com\/index.php?rest_route=\/wp\/v2\/pages\/7"}],"collection":[{"href":"https:\/\/www.koncchocolate.com\/index.php?rest_route=\/wp\/v2\/pages"}],"about":[{"href":"https:\/\/www.koncchocolate.com\/index.php?rest_route=\/wp\/v2\/types\/page"}],"author":[{"embeddable":true,"href":"https:\/\/www.koncchocolate.com\/index.php?rest_route=\/wp\/v2\/users\/1"}],"replies":[{"embeddable":true,"href":"https:\/\/www.koncchocolate.com\/index.php?rest_route=%2Fwp%2Fv2%2Fcomments&post=7"}],"version-history":[{"count":17,"href":"https:\/\/www.koncchocolate.com\/index.php?rest_route=\/wp\/v2\/pages\/7\/revisions"}],"predecessor-version":[{"id":1485,"href":"https:\/\/www.koncchocolate.com\/index.php?rest_route=\/wp\/v2\/pages\/7\/revisions\/1485"}],"wp:attachment":[{"href":"https:\/\/www.koncchocolate.com\/index.php?rest_route=%2Fwp%2Fv2%2Fmedia&parent=7"}],"curies":[{"name":"wp","href":"https:\/\/api.w.org\/{rel}","templated":true}]}}