{"id":14,"date":"2019-06-03T09:04:28","date_gmt":"2019-06-03T09:04:28","guid":{"rendered":"http:\/\/sincere-weevil.w6.wpsandbox.pro\/?page_id=14"},"modified":"2026-04-05T10:35:17","modified_gmt":"2026-04-05T07:35:17","slug":"contact","status":"publish","type":"page","link":"https:\/\/www.koncchocolate.com\/?page_id=14","title":{"rendered":"\u0130leti\u015fim"},"content":{"rendered":"\t\t<div data-elementor-type=\"wp-post\" data-elementor-id=\"14\" class=\"elementor elementor-14\">\n\t\t\t\t\t\t\t\t\t<section class=\"elementor-section elementor-top-section elementor-element elementor-element-a626a8e elementor-section-boxed elementor-section-height-default elementor-section-height-default\" data-id=\"a626a8e\" data-element_type=\"section\" data-settings=\"{&quot;background_background&quot;:&quot;classic&quot;}\">\n\t\t\t\t\t\t<div class=\"elementor-container elementor-column-gap-default\">\n\t\t\t\t\t<div class=\"elementor-column elementor-col-100 elementor-top-column elementor-element elementor-element-048247c\" data-id=\"048247c\" data-element_type=\"column\">\n\t\t\t<div class=\"elementor-widget-wrap elementor-element-populated\">\n\t\t\t\t\t\t\t\t<div class=\"elementor-element elementor-element-ab62265 elementor-align-center elementor-widget elementor-widget-button\" data-id=\"ab62265\" data-element_type=\"widget\" data-widget_type=\"button.default\">\n\t\t\t\t<div class=\"elementor-widget-container\">\n\t\t\t\t\t<div class=\"elementor-button-wrapper\">\n\t\t\t<a href=\"#\" class=\"elementor-button-link elementor-button elementor-size-sm\" role=\"button\">\n\t\t\t\t\t\t<span class=\"elementor-button-content-wrapper\">\n\t\t\t\t\t\t<span class=\"elementor-button-text\"><\/span>\n\t\t<\/span>\n\t\t\t\t\t<\/a>\n\t\t<\/div>\n\t\t\t\t<\/div>\n\t\t\t\t<\/div>\n\t\t\t\t<div class=\"elementor-element elementor-element-6deeacd elementor-widget elementor-widget-heading\" data-id=\"6deeacd\" data-element_type=\"widget\" data-widget_type=\"heading.default\">\n\t\t\t\t<div class=\"elementor-widget-container\">\n\t\t\t<style>\/*! elementor - v3.6.6 - 08-06-2022 *\/\n.elementor-heading-title{padding:0;margin:0;line-height:1}.elementor-widget-heading .elementor-heading-title[class*=elementor-size-]>a{color:inherit;font-size:inherit;line-height:inherit}.elementor-widget-heading .elementor-heading-title.elementor-size-small{font-size:15px}.elementor-widget-heading .elementor-heading-title.elementor-size-medium{font-size:19px}.elementor-widget-heading .elementor-heading-title.elementor-size-large{font-size:29px}.elementor-widget-heading .elementor-heading-title.elementor-size-xl{font-size:39px}.elementor-widget-heading .elementor-heading-title.elementor-size-xxl{font-size:59px}<\/style><h2 class=\"elementor-heading-title elementor-size-default\">\u0130leti\u015fim<\/h2>\t\t<\/div>\n\t\t\t\t<\/div>\n\t\t\t\t<div class=\"elementor-element elementor-element-9c644f5 elementor-align-center elementor-widget elementor-widget-button\" data-id=\"9c644f5\" data-element_type=\"widget\" data-widget_type=\"button.default\">\n\t\t\t\t<div class=\"elementor-widget-container\">\n\t\t\t\t\t<div class=\"elementor-button-wrapper\">\n\t\t\t<a href=\"#\" class=\"elementor-button-link elementor-button elementor-size-sm\" role=\"button\">\n\t\t\t\t\t\t<span class=\"elementor-button-content-wrapper\">\n\t\t\t\t\t\t<span class=\"elementor-button-text\"><\/span>\n\t\t<\/span>\n\t\t\t\t\t<\/a>\n\t\t<\/div>\n\t\t\t\t<\/div>\n\t\t\t\t<\/div>\n\t\t\t\t\t<\/div>\n\t\t<\/div>\n\t\t\t\t\t\t\t<\/div>\n\t\t<\/section>\n\t\t\t\t<section class=\"elementor-section elementor-top-section elementor-element elementor-element-c813847 elementor-section-boxed elementor-section-height-default elementor-section-height-default\" data-id=\"c813847\" data-element_type=\"section\" data-settings=\"{&quot;background_background&quot;:&quot;classic&quot;}\">\n\t\t\t\t\t\t<div class=\"elementor-container elementor-column-gap-default\">\n\t\t\t\t\t<div class=\"elementor-column elementor-col-100 elementor-top-column elementor-element elementor-element-20c788c\" data-id=\"20c788c\" data-element_type=\"column\">\n\t\t\t<div class=\"elementor-widget-wrap elementor-element-populated\">\n\t\t\t\t\t\t\t\t<section class=\"elementor-section elementor-inner-section elementor-element elementor-element-de67ea3 elementor-section-boxed elementor-section-height-default elementor-section-height-default\" data-id=\"de67ea3\" data-element_type=\"section\">\n\t\t\t\t\t\t<div class=\"elementor-container elementor-column-gap-default\">\n\t\t\t\t\t<div class=\"elementor-column elementor-col-50 elementor-inner-column elementor-element elementor-element-b328bf9\" data-id=\"b328bf9\" data-element_type=\"column\">\n\t\t\t<div class=\"elementor-widget-wrap elementor-element-populated\">\n\t\t\t\t\t\t\t\t<div class=\"elementor-element elementor-element-33ac30a elementor-widget elementor-widget-google_maps\" data-id=\"33ac30a\" data-element_type=\"widget\" data-widget_type=\"google_maps.default\">\n\t\t\t\t<div class=\"elementor-widget-container\">\n\t\t\t<style>\/*! elementor - v3.6.6 - 08-06-2022 *\/\n.elementor-widget-google_maps .elementor-widget-container{overflow:hidden}.elementor-widget-google_maps iframe{height:300px}<\/style>\t\t<div class=\"elementor-custom-embed\">\n\t\t\t<iframe frameborder=\"0\" scrolling=\"no\" marginheight=\"0\" marginwidth=\"0\"\n\t\t\t\t\tsrc=\"https:\/\/maps.google.com\/maps?q=Yenikent%2C%20Do%C4%9Fan%20Arasl%C4%B1%20Blv.%20No%3A350%2C%2034510%20Esenyurt%2F%C4%B0stanbul&#038;t=m&#038;z=10&#038;output=embed&#038;iwloc=near\"\n\t\t\t\t\ttitle=\"Yenikent, Do\u011fan Arasl\u0131 Blv. No:350, 34510 Esenyurt\/\u0130stanbul\"\n\t\t\t\t\taria-label=\"Yenikent, Do\u011fan Arasl\u0131 Blv. No:350, 34510 Esenyurt\/\u0130stanbul\"\n\t\t\t><\/iframe>\n\t\t<\/div>\n\t\t\t\t<\/div>\n\t\t\t\t<\/div>\n\t\t\t\t\t<\/div>\n\t\t<\/div>\n\t\t\t\t<div class=\"elementor-column elementor-col-50 elementor-inner-column elementor-element elementor-element-37439cb\" data-id=\"37439cb\" data-element_type=\"column\">\n\t\t\t<div class=\"elementor-widget-wrap elementor-element-populated\">\n\t\t\t\t\t\t\t\t<div class=\"elementor-element elementor-element-6e5f3e7 elementor-widget elementor-widget-heading\" data-id=\"6e5f3e7\" data-element_type=\"widget\" data-widget_type=\"heading.default\">\n\t\t\t\t<div class=\"elementor-widget-container\">\n\t\t\t<h2 class=\"elementor-heading-title elementor-size-default\">Merkez Ofis \u0130leti\u015fim<\/h2>\t\t<\/div>\n\t\t\t\t<\/div>\n\t\t\t\t<div class=\"elementor-element elementor-element-491d49a elementor-widget elementor-widget-text-editor\" data-id=\"491d49a\" data-element_type=\"widget\" data-widget_type=\"text-editor.default\">\n\t\t\t\t<div class=\"elementor-widget-container\">\n\t\t\t<style>\/*! elementor - v3.6.6 - 08-06-2022 *\/\n.elementor-widget-text-editor.elementor-drop-cap-view-stacked .elementor-drop-cap{background-color:#818a91;color:#fff}.elementor-widget-text-editor.elementor-drop-cap-view-framed .elementor-drop-cap{color:#818a91;border:3px solid;background-color:transparent}.elementor-widget-text-editor:not(.elementor-drop-cap-view-default) .elementor-drop-cap{margin-top:8px}.elementor-widget-text-editor:not(.elementor-drop-cap-view-default) .elementor-drop-cap-letter{width:1em;height:1em}.elementor-widget-text-editor .elementor-drop-cap{float:left;text-align:center;line-height:1;font-size:50px}.elementor-widget-text-editor .elementor-drop-cap-letter{display:inline-block}<\/style>\t\t\t\t<p>Sultaniye Mahallesi 350. Sokak \u015eelale Plaza Kat.5 No.72<\/p><p>\u00a0Esenyurt \/ \u0130stanbul<\/p><p>Telefon : +90 212 596 99 62\u00a0<span style=\"font-size: 14.4px;\">\/\u00a0 +90 532 357 09 31 \/ +90 532 416 93 70<\/span><\/p>\t\t\t\t\t\t<\/div>\n\t\t\t\t<\/div>\n\t\t\t\t\t<\/div>\n\t\t<\/div>\n\t\t\t\t\t\t\t<\/div>\n\t\t<\/section>\n\t\t\t\t\t<\/div>\n\t\t<\/div>\n\t\t\t\t\t\t\t<\/div>\n\t\t<\/section>\n\t\t\t\t<section class=\"elementor-section elementor-top-section elementor-element elementor-element-fb392ef elementor-section-boxed elementor-section-height-default elementor-section-height-default\" data-id=\"fb392ef\" data-element_type=\"section\" data-settings=\"{&quot;background_background&quot;:&quot;classic&quot;}\">\n\t\t\t\t\t\t<div class=\"elementor-container elementor-column-gap-default\">\n\t\t\t\t\t<div class=\"elementor-column elementor-col-100 elementor-top-column elementor-element elementor-element-4170a98\" data-id=\"4170a98\" data-element_type=\"column\">\n\t\t\t<div class=\"elementor-widget-wrap elementor-element-populated\">\n\t\t\t\t\t\t\t\t<section class=\"elementor-section elementor-inner-section elementor-element elementor-element-2c6b012 elementor-section-boxed elementor-section-height-default elementor-section-height-default\" data-id=\"2c6b012\" data-element_type=\"section\">\n\t\t\t\t\t\t<div class=\"elementor-container elementor-column-gap-default\">\n\t\t\t\t\t<div class=\"elementor-column elementor-col-50 elementor-inner-column elementor-element elementor-element-e1d47b1\" data-id=\"e1d47b1\" data-element_type=\"column\">\n\t\t\t<div class=\"elementor-widget-wrap elementor-element-populated\">\n\t\t\t\t\t\t\t\t<div class=\"elementor-element elementor-element-7dc2996 elementor-widget elementor-widget-google_maps\" data-id=\"7dc2996\" data-element_type=\"widget\" data-widget_type=\"google_maps.default\">\n\t\t\t\t<div class=\"elementor-widget-container\">\n\t\t\t\t\t<div class=\"elementor-custom-embed\">\n\t\t\t<iframe frameborder=\"0\" scrolling=\"no\" marginheight=\"0\" marginwidth=\"0\"\n\t\t\t\t\tsrc=\"https:\/\/maps.google.com\/maps?q=Yeni%20Mah.%20Muratl%C4%B1%20Asfalt%C4%B1%201.%20Cad.%20No%3A%2010%2F1M%2C%2039750%20B%C3%BCy%C3%BCkkar%C4%B1%C5%9Ft%C4%B1ran%2FL%C3%BCleburgaz%2FK%C4%B1rklareli%2C%20T%C3%BCrkiye&#038;t=m&#038;z=10&#038;output=embed&#038;iwloc=near\"\n\t\t\t\t\ttitle=\"Yeni Mah. Muratl\u0131 Asfalt\u0131 1. Cad. No: 10\/1M, 39750 B\u00fcy\u00fckkar\u0131\u015ft\u0131ran\/L\u00fcleburgaz\/K\u0131rklareli, T\u00fcrkiye\"\n\t\t\t\t\taria-label=\"Yeni Mah. Muratl\u0131 Asfalt\u0131 1. Cad. No: 10\/1M, 39750 B\u00fcy\u00fckkar\u0131\u015ft\u0131ran\/L\u00fcleburgaz\/K\u0131rklareli, T\u00fcrkiye\"\n\t\t\t><\/iframe>\n\t\t<\/div>\n\t\t\t\t<\/div>\n\t\t\t\t<\/div>\n\t\t\t\t\t<\/div>\n\t\t<\/div>\n\t\t\t\t<div class=\"elementor-column elementor-col-50 elementor-inner-column elementor-element elementor-element-d75e049\" data-id=\"d75e049\" data-element_type=\"column\">\n\t\t\t<div class=\"elementor-widget-wrap elementor-element-populated\">\n\t\t\t\t\t\t\t\t<div class=\"elementor-element elementor-element-baae062 elementor-widget elementor-widget-heading\" data-id=\"baae062\" data-element_type=\"widget\" data-widget_type=\"heading.default\">\n\t\t\t\t<div class=\"elementor-widget-container\">\n\t\t\t<h2 class=\"elementor-heading-title elementor-size-default\">Fabrika \u0130leti\u015fim<\/h2>\t\t<\/div>\n\t\t\t\t<\/div>\n\t\t\t\t<div class=\"elementor-element elementor-element-1c4ccae elementor-widget elementor-widget-text-editor\" data-id=\"1c4ccae\" data-element_type=\"widget\" data-widget_type=\"text-editor.default\">\n\t\t\t\t<div class=\"elementor-widget-container\">\n\t\t\t\t\t\t\t<p><span style=\"font-style: inherit; font-weight: inherit; font-family: var( --e-global-typography-text-font-family ), Sans-serif;\">Yeni Mahalle Muratl\u0131 Asfalt\u0131 1.Cadde K\u00fc\u00e7\u00fck Sanayi Sitesi No.10\/24 39750<\/span><\/p>\n<p><span style=\"font-style: inherit; font-weight: inherit; font-family: var( --e-global-typography-text-font-family ), Sans-serif;\">B\u00fcy\u00fckkar\u0131\u015ft\u0131ran \/ L\u00fcleburgaz \/ K\u0131rklareli<\/span><\/p>\n<p>Telefon : +90 288 436 17 36&nbsp; \/ +90 532 178 09 31&nbsp;<span style=\"font-size: 14.4px;\">&nbsp;<\/span><span style=\"font-size: 14.4px;\">\/ +90 532 416 93 70<\/span><\/p>\t\t\t\t\t\t<\/div>\n\t\t\t\t<\/div>\n\t\t\t\t\t<\/div>\n\t\t<\/div>\n\t\t\t\t\t\t\t<\/div>\n\t\t<\/section>\n\t\t\t\t\t<\/div>\n\t\t<\/div>\n\t\t\t\t\t\t\t<\/div>\n\t\t<\/section>\n\t\t\t\t<section class=\"elementor-section elementor-top-section elementor-element elementor-element-a48af70 elementor-section-boxed elementor-section-height-default elementor-section-height-default\" data-id=\"a48af70\" data-element_type=\"section\" data-settings=\"{&quot;background_background&quot;:&quot;classic&quot;}\">\n\t\t\t\t\t\t<div class=\"elementor-container elementor-column-gap-default\">\n\t\t\t\t\t<div class=\"elementor-column elementor-col-100 elementor-top-column elementor-element elementor-element-c73306b\" data-id=\"c73306b\" data-element_type=\"column\">\n\t\t\t<div class=\"elementor-widget-wrap elementor-element-populated\">\n\t\t\t\t\t\t\t\t<div class=\"elementor-element elementor-element-eedd18b elementor-widget elementor-widget-heading\" data-id=\"eedd18b\" data-element_type=\"widget\" data-widget_type=\"heading.default\">\n\t\t\t\t<div class=\"elementor-widget-container\">\n\t\t\t<h2 class=\"elementor-heading-title elementor-size-default\">Bizimle \u0130leti\u015fime Ge\u00e7in.<\/h2>\t\t<\/div>\n\t\t\t\t<\/div>\n\t\t\t\t<div class=\"elementor-element elementor-element-417e841 elementor-widget elementor-widget-text-editor\" data-id=\"417e841\" data-element_type=\"widget\" data-widget_type=\"text-editor.default\">\n\t\t\t\t<div class=\"elementor-widget-container\">\n\t\t\t\t\t\t\t<div role=\"form\" class=\"wpcf7\" id=\"wpcf7-f1864-o1\" lang=\"tr-TR\" dir=\"ltr\">\n<div class=\"screen-reader-response\"><p role=\"status\" aria-live=\"polite\" aria-atomic=\"true\"><\/p> <ul><\/ul><\/div>\n<form action=\"\/index.php?rest_route=%2Fwp%2Fv2%2Fpages%2F14#wpcf7-f1864-o1\" method=\"post\" class=\"wpcf7-form init\" novalidate=\"novalidate\" data-status=\"init\">\n<div style=\"display: none;\">\n<input type=\"hidden\" name=\"_wpcf7\" value=\"1864\" \/>\n<input type=\"hidden\" name=\"_wpcf7_version\" value=\"5.6\" \/>\n<input type=\"hidden\" name=\"_wpcf7_locale\" value=\"tr_TR\" \/>\n<input type=\"hidden\" name=\"_wpcf7_unit_tag\" value=\"wpcf7-f1864-o1\" \/>\n<input type=\"hidden\" name=\"_wpcf7_container_post\" value=\"0\" \/>\n<input type=\"hidden\" name=\"_wpcf7_posted_data_hash\" value=\"\" \/>\n<\/div>\n<p><label> Ad\u0131n\u0131z<br \/>\n    <span class=\"wpcf7-form-control-wrap\" data-name=\"your-name\"><input type=\"text\" name=\"your-name\" value=\"\" size=\"40\" class=\"wpcf7-form-control wpcf7-text wpcf7-validates-as-required\" aria-required=\"true\" aria-invalid=\"false\" \/><\/span> <\/label><\/p>\n<p><label> E-posta adresiniz<br \/>\n    <span class=\"wpcf7-form-control-wrap\" data-name=\"your-email\"><input type=\"email\" name=\"your-email\" value=\"\" size=\"40\" class=\"wpcf7-form-control wpcf7-text wpcf7-email wpcf7-validates-as-required wpcf7-validates-as-email\" aria-required=\"true\" aria-invalid=\"false\" \/><\/span> <\/label><\/p>\n<p><label> Konu<br \/>\n    <span class=\"wpcf7-form-control-wrap\" data-name=\"your-subject\"><input type=\"text\" name=\"your-subject\" value=\"\" size=\"40\" class=\"wpcf7-form-control wpcf7-text wpcf7-validates-as-required\" aria-required=\"true\" aria-invalid=\"false\" \/><\/span> <\/label><\/p>\n<p><label> \u0130letiniz (tercihe ba\u011fl\u0131)<br \/>\n    <span class=\"wpcf7-form-control-wrap\" data-name=\"your-message\"><textarea name=\"your-message\" cols=\"40\" rows=\"10\" class=\"wpcf7-form-control wpcf7-textarea\" aria-invalid=\"false\"><\/textarea><\/span> <\/label><\/p>\n<p><input type=\"submit\" value=\"G\u00f6nder\" class=\"wpcf7-form-control has-spinner wpcf7-submit\" \/><\/p>\n<div class=\"wpcf7-response-output\" aria-hidden=\"true\"><\/div><\/form><\/div>\t\t\t\t\t\t<\/div>\n\t\t\t\t<\/div>\n\t\t\t\t\t<\/div>\n\t\t<\/div>\n\t\t\t\t\t\t\t<\/div>\n\t\t<\/section>\n\t\t\t\t\t\t\t<\/div>\n\t\t","protected":false},"excerpt":{"rendered":"<p>\u0130leti\u015fim Merkez Ofis \u0130leti\u015fim Sultaniye Mahallesi 350. Sokak \u015eelale Plaza Kat.5 No.72 \u00a0Esenyurt \/ \u0130stanbul Telefon : +90 212 596 99 62\u00a0\/\u00a0 +90 532 357 09 31 \/ +90 532 416 93 70 Fabrika \u0130leti\u015fim Yeni Mahalle Muratl\u0131 Asfalt\u0131 1.Cadde K\u00fc\u00e7\u00fck Sanayi Sitesi No.10\/24 39750 B\u00fcy\u00fckkar\u0131\u015ft\u0131ran \/ L\u00fcleburgaz \/ K\u0131rklareli Telefon : +90 288 436 [&hellip;]<\/p>\n","protected":false},"author":1,"featured_media":0,"parent":0,"menu_order":0,"comment_status":"closed","ping_status":"closed","template":"page-templates\/pagebuilder.php","meta":[],"yoast_head":"<!-- This site is optimized with the Yoast SEO plugin v19.1 - https:\/\/yoast.com\/wordpress\/plugins\/seo\/ -->\n<title>\u0130leti\u015fim - Kon\u00e7 Chocolate<\/title>\n<meta name=\"robots\" content=\"index, follow, max-snippet:-1, max-image-preview:large, max-video-preview:-1\" \/>\n<link rel=\"canonical\" href=\"https:\/\/www.koncchocolate.com\/?page_id=14\" \/>\n<meta property=\"og:locale\" content=\"tr_TR\" \/>\n<meta property=\"og:type\" content=\"article\" \/>\n<meta property=\"og:title\" content=\"\u0130leti\u015fim - Kon\u00e7 Chocolate\" \/>\n<meta property=\"og:description\" content=\"\u0130leti\u015fim Merkez Ofis \u0130leti\u015fim Sultaniye Mahallesi 350. Sokak \u015eelale Plaza Kat.5 No.72 \u00a0Esenyurt \/ \u0130stanbul Telefon : +90 212 596 99 62\u00a0\/\u00a0 +90 532 357 09 31 \/ +90 532 416 93 70 Fabrika \u0130leti\u015fim Yeni Mahalle Muratl\u0131 Asfalt\u0131 1.Cadde K\u00fc\u00e7\u00fck Sanayi Sitesi No.10\/24 39750 B\u00fcy\u00fckkar\u0131\u015ft\u0131ran \/ L\u00fcleburgaz \/ K\u0131rklareli Telefon : +90 288 436 [&hellip;]\" \/>\n<meta property=\"og:url\" content=\"https:\/\/www.koncchocolate.com\/?page_id=14\" \/>\n<meta property=\"og:site_name\" content=\"Kon\u00e7 Chocolate\" \/>\n<meta property=\"article:modified_time\" content=\"2026-04-05T07:35:17+00:00\" \/>\n<meta name=\"twitter:card\" content=\"summary_large_image\" \/>\n<meta name=\"twitter:label1\" content=\"Tahmini okuma s\u00fcresi\" \/>\n\t<meta name=\"twitter:data1\" content=\"1 dakika\" \/>\n<script type=\"application\/ld+json\" class=\"yoast-schema-graph\">{\"@context\":\"https:\/\/schema.org\",\"@graph\":[{\"@type\":\"WebSite\",\"@id\":\"https:\/\/www.koncchocolate.com\/#website\",\"url\":\"https:\/\/www.koncchocolate.com\/\",\"name\":\"Kon\u00e7 Chocolate\",\"description\":\"Life is Better With Chocolate\",\"potentialAction\":[{\"@type\":\"SearchAction\",\"target\":{\"@type\":\"EntryPoint\",\"urlTemplate\":\"https:\/\/www.koncchocolate.com\/?s={search_term_string}\"},\"query-input\":\"required name=search_term_string\"}],\"inLanguage\":\"tr\"},{\"@type\":\"WebPage\",\"@id\":\"https:\/\/www.koncchocolate.com\/?page_id=14#webpage\",\"url\":\"https:\/\/www.koncchocolate.com\/?page_id=14\",\"name\":\"\u0130leti\u015fim - Kon\u00e7 Chocolate\",\"isPartOf\":{\"@id\":\"https:\/\/www.koncchocolate.com\/#website\"},\"datePublished\":\"2019-06-03T09:04:28+00:00\",\"dateModified\":\"2026-04-05T07:35:17+00:00\",\"breadcrumb\":{\"@id\":\"https:\/\/www.koncchocolate.com\/?page_id=14#breadcrumb\"},\"inLanguage\":\"tr\",\"potentialAction\":[{\"@type\":\"ReadAction\",\"target\":[\"https:\/\/www.koncchocolate.com\/?page_id=14\"]}]},{\"@type\":\"BreadcrumbList\",\"@id\":\"https:\/\/www.koncchocolate.com\/?page_id=14#breadcrumb\",\"itemListElement\":[{\"@type\":\"ListItem\",\"position\":1,\"name\":\"Anasayfa\",\"item\":\"https:\/\/www.koncchocolate.com\/\"},{\"@type\":\"ListItem\",\"position\":2,\"name\":\"\u0130leti\u015fim\"}]}]}<\/script>\n<!-- \/ Yoast SEO plugin. -->","yoast_head_json":{"title":"\u0130leti\u015fim - Kon\u00e7 Chocolate","robots":{"index":"index","follow":"follow","max-snippet":"max-snippet:-1","max-image-preview":"max-image-preview:large","max-video-preview":"max-video-preview:-1"},"canonical":"https:\/\/www.koncchocolate.com\/?page_id=14","og_locale":"tr_TR","og_type":"article","og_title":"\u0130leti\u015fim - Kon\u00e7 Chocolate","og_description":"\u0130leti\u015fim Merkez Ofis \u0130leti\u015fim Sultaniye Mahallesi 350. Sokak \u015eelale Plaza Kat.5 No.72 \u00a0Esenyurt \/ \u0130stanbul Telefon : +90 212 596 99 62\u00a0\/\u00a0 +90 532 357 09 31 \/ +90 532 416 93 70 Fabrika \u0130leti\u015fim Yeni Mahalle Muratl\u0131 Asfalt\u0131 1.Cadde K\u00fc\u00e7\u00fck Sanayi Sitesi No.10\/24 39750 B\u00fcy\u00fckkar\u0131\u015ft\u0131ran \/ L\u00fcleburgaz \/ K\u0131rklareli Telefon : +90 288 436 [&hellip;]","og_url":"https:\/\/www.koncchocolate.com\/?page_id=14","og_site_name":"Kon\u00e7 Chocolate","article_modified_time":"2026-04-05T07:35:17+00:00","twitter_card":"summary_large_image","twitter_misc":{"Tahmini okuma s\u00fcresi":"1 dakika"},"schema":{"@context":"https:\/\/schema.org","@graph":[{"@type":"WebSite","@id":"https:\/\/www.koncchocolate.com\/#website","url":"https:\/\/www.koncchocolate.com\/","name":"Kon\u00e7 Chocolate","description":"Life is Better With Chocolate","potentialAction":[{"@type":"SearchAction","target":{"@type":"EntryPoint","urlTemplate":"https:\/\/www.koncchocolate.com\/?s={search_term_string}"},"query-input":"required name=search_term_string"}],"inLanguage":"tr"},{"@type":"WebPage","@id":"https:\/\/www.koncchocolate.com\/?page_id=14#webpage","url":"https:\/\/www.koncchocolate.com\/?page_id=14","name":"\u0130leti\u015fim - Kon\u00e7 Chocolate","isPartOf":{"@id":"https:\/\/www.koncchocolate.com\/#website"},"datePublished":"2019-06-03T09:04:28+00:00","dateModified":"2026-04-05T07:35:17+00:00","breadcrumb":{"@id":"https:\/\/www.koncchocolate.com\/?page_id=14#breadcrumb"},"inLanguage":"tr","potentialAction":[{"@type":"ReadAction","target":["https:\/\/www.koncchocolate.com\/?page_id=14"]}]},{"@type":"BreadcrumbList","@id":"https:\/\/www.koncchocolate.com\/?page_id=14#breadcrumb","itemListElement":[{"@type":"ListItem","position":1,"name":"Anasayfa","item":"https:\/\/www.koncchocolate.com\/"},{"@type":"ListItem","position":2,"name":"\u0130leti\u015fim"}]}]}},"_links":{"self":[{"href":"https:\/\/www.koncchocolate.com\/index.php?rest_route=\/wp\/v2\/pages\/14"}],"collection":[{"href":"https:\/\/www.koncchocolate.com\/index.php?rest_route=\/wp\/v2\/pages"}],"about":[{"href":"https:\/\/www.koncchocolate.com\/index.php?rest_route=\/wp\/v2\/types\/page"}],"author":[{"embeddable":true,"href":"https:\/\/www.koncchocolate.com\/index.php?rest_route=\/wp\/v2\/users\/1"}],"replies":[{"embeddable":true,"href":"https:\/\/www.koncchocolate.com\/index.php?rest_route=%2Fwp%2Fv2%2Fcomments&post=14"}],"version-history":[{"count":59,"href":"https:\/\/www.koncchocolate.com\/index.php?rest_route=\/wp\/v2\/pages\/14\/revisions"}],"predecessor-version":[{"id":1891,"href":"https:\/\/www.koncchocolate.com\/index.php?rest_route=\/wp\/v2\/pages\/14\/revisions\/1891"}],"wp:attachment":[{"href":"https:\/\/www.koncchocolate.com\/index.php?rest_route=%2Fwp%2Fv2%2Fmedia&parent=14"}],"curies":[{"name":"wp","href":"https:\/\/api.w.org\/{rel}","templated":true}]}}